{"id":9,"date":"2024-05-15T07:02:22","date_gmt":"2024-05-15T07:02:22","guid":{"rendered":"http:\/\/ordendergeusen.de\/?page_id=9"},"modified":"2024-05-17T08:41:12","modified_gmt":"2024-05-17T08:41:12","slug":"informationen","status":"publish","type":"page","link":"https:\/\/www.ordendergeusen.de\/?page_id=9","title":{"rendered":"Informationen"},"content":{"rendered":"\n<pre class=\"wp-block-verse\">Unser Orden ist in seiner Idee, seinen Zielen, seiner Gestaltung und seiner Gliederung die konsequente Fortf\u00fchrung des Urwandervogels.<br><br><br>Bei unseren Rottenabenden schmieden die Jugendgruppen abenteuerliche Pl\u00e4ne f\u00fcr ihre Wochenendfahrten, Wanderungen und Ausfl\u00fcge. Sie basteln, musizieren und singen sowohl eigene als auch fremde Lieder.<br><br>Unsere Gruppen stehen allen Jungen ab dem 8. Lebensjahr offen, die den Ruf des Abenteuers in sich sp\u00fcren. Heute entdecken wir die Geheimnisse Griechenlands, Italiens, Bulgariens oder folgen in Rum\u00e4nien den Spuren Draculas. Morgen begeben wir uns auf Kanuwanderungen \u00fcber schwedische Seen und Fl\u00fcsse. Keine Burg ist uns zu weit, kein Tal zu abgelegen, kein Berg zu hoch und kein Gel\u00e4ndespiel zu verr\u00fcckt f\u00fcr unsere Jungs.<br><br>Der Orden der Geusen ist Teil des \"Zugvogel Deutscher Fahrtenbund e.V.\" und hat Gruppen in Essen, Dinslaken, Hattingen, Bochum, R\u00f6srath, Br\u00fcggen und sogar im fernen D\u00e4nemark. Neben den Gruppenabenden treffen wir uns monatlich als Singe- oder Instrumentalkreis.<br><br>Regelm\u00e4\u00dfig kommen wir in unserem Ordensheim, das wir \"Trutz\" nennen, zusammen. Dort arbeiten Junge und Alte des Ordens gemeinsam an der Instandhaltung des Grundst\u00fccks und Geb\u00e4udes, wobei das Spielen f\u00fcr die Jungen nie zu kurz kommt.<br><br>Der Zugvogel, und damit auch wir als Orden der Geusen, ist als gemeinn\u00fctzig anerkannt. Der Orden der Geusen ist au\u00dferdem Mitglied im Stadtverband Essener Jugendverb\u00e4nde und im Stadtjugendring Dinslaken.<\/pre>\n","protected":false},"excerpt":{"rendered":"<p>Unser Orden ist in seiner Idee, seinen Zielen, seiner Gestaltung und seiner Gliederung die konsequente Fortf\u00fchrung des Urwandervogels.Bei unseren Rottenabenden<\/p>\n<p><a href=\"https:\/\/www.ordendergeusen.de\/?page_id=9\" class=\"more-link\">Continue reading<span class=\"screen-reader-text\">Informationen<\/span><\/a><\/p>\n","protected":false},"author":1,"featured_media":0,"parent":0,"menu_order":0,"comment_status":"closed","ping_status":"closed","template":"","meta":{"pgc_sgb_lightbox_settings":"","footnotes":""},"class_list":["post-9","page","type-page","status-publish","hentry"],"jetpack_sharing_enabled":true,"_links":{"self":[{"href":"https:\/\/www.ordendergeusen.de\/index.php?rest_route=\/wp\/v2\/pages\/9","targetHints":{"allow":["GET"]}}],"collection":[{"href":"https:\/\/www.ordendergeusen.de\/index.php?rest_route=\/wp\/v2\/pages"}],"about":[{"href":"https:\/\/www.ordendergeusen.de\/index.php?rest_route=\/wp\/v2\/types\/page"}],"author":[{"embeddable":true,"href":"https:\/\/www.ordendergeusen.de\/index.php?rest_route=\/wp\/v2\/users\/1"}],"replies":[{"embeddable":true,"href":"https:\/\/www.ordendergeusen.de\/index.php?rest_route=%2Fwp%2Fv2%2Fcomments&post=9"}],"version-history":[{"count":7,"href":"https:\/\/www.ordendergeusen.de\/index.php?rest_route=\/wp\/v2\/pages\/9\/revisions"}],"predecessor-version":[{"id":211,"href":"https:\/\/www.ordendergeusen.de\/index.php?rest_route=\/wp\/v2\/pages\/9\/revisions\/211"}],"wp:attachment":[{"href":"https:\/\/www.ordendergeusen.de\/index.php?rest_route=%2Fwp%2Fv2%2Fmedia&parent=9"}],"curies":[{"name":"wp","href":"https:\/\/api.w.org\/{rel}","templated":true}]}}